{"id":3144,"date":"2019-05-21T22:37:55","date_gmt":"2019-05-22T01:37:55","guid":{"rendered":"https:\/\/guapamag.com\/?page_id=3144"},"modified":"2022-06-01T10:40:49","modified_gmt":"2022-06-01T13:40:49","slug":"inscricao-para-fotografos","status":"publish","type":"page","link":"https:\/\/guapamag.com\/en\/inscricao-para-fotografos\/","title":{"rendered":"Inscri\u00e7\u00e3o Fot\u00f3grafos"},"content":{"rendered":"<div class=\"wpforms-container wpforms-container-full\" id=\"wpforms-2961\"><form id=\"wpforms-form-2961\" class=\"wpforms-validate wpforms-form\" data-formid=\"2961\" method=\"post\" enctype=\"multipart\/form-data\" action=\"\/en\/wp-json\/wp\/v2\/pages\/3144?wpforms_form_id=2961\" data-token=\"507cb9ed9873a95bdc95ee77aa73fe6f\" data-trp-original-action=\"\/en\/wp-json\/wp\/v2\/pages\/3144?wpforms_form_id=2961\"><div class=\"wpforms-head-container\"><div class=\"wpforms-description\">Os Ensaios Shorts s\u00e3o ensaios menores feitos por novos profiissionais em parceria com a Guapa onde estes profissionais tem total liberdade art\u00edstica dentro dos padr\u00f5es de formato de ensaios que s\u00e3o publicados na revista digital.<\/div><\/div><noscript class=\"wpforms-error-noscript\">Please enable JavaScript in your browser to complete this form.<\/noscript><div class=\"wpforms-field-container\"><div id=\"wpforms-2961-field_0-container\" class=\"wpforms-field wpforms-field-name\" data-field-id=\"0\"><label class=\"wpforms-field-label\" for=\"wpforms-2961-field_0\">Full name <span class=\"wpforms-required-label\">*<\/span><\/label><input type=\"text\" id=\"wpforms-2961-field_0\" class=\"wpforms-field-medium wpforms-field-required\" name=\"wpforms[fields][0]\" required><\/div><div id=\"wpforms-2961-field_4-container\" class=\"wpforms-field wpforms-field-text\" data-field-id=\"4\"><label class=\"wpforms-field-label\" for=\"wpforms-2961-field_4\">City <span class=\"wpforms-required-label\">*<\/span><\/label><input type=\"text\" id=\"wpforms-2961-field_4\" class=\"wpforms-field-medium wpforms-field-required\" name=\"wpforms[fields][4]\" required><\/div><div id=\"wpforms-2961-field_3-container\" class=\"wpforms-field wpforms-field-text\" data-field-id=\"3\"><label class=\"wpforms-field-label\" for=\"wpforms-2961-field_3\">Usu\u00e1rio de Instagram <span class=\"wpforms-required-label\">*<\/span><\/label><input type=\"text\" id=\"wpforms-2961-field_3\" class=\"wpforms-field-small wpforms-field-required\" name=\"wpforms[fields][3]\" placeholder=\"@nomedeusuario\" required><\/div><div id=\"wpforms-2961-field_9-container\" class=\"wpforms-field wpforms-field-phone\" data-field-id=\"9\"><label class=\"wpforms-field-label\" for=\"wpforms-2961-field_9\">WhatsApp <span class=\"wpforms-required-label\">*<\/span><\/label><input type=\"tel\" id=\"wpforms-2961-field_9\" class=\"wpforms-field-medium wpforms-field-required wpforms-smart-phone-field\" data-rule-smart-phone-field=\"true\" name=\"wpforms[fields][9]\" placeholder=\"(DDD) XXXXX-XXXX\" required><\/div><div id=\"wpforms-2961-field_7-container\" class=\"wpforms-field wpforms-field-email\" data-field-id=\"7\"><label class=\"wpforms-field-label\" for=\"wpforms-2961-field_7\">E-mail <span class=\"wpforms-required-label\">*<\/span><\/label><input type=\"email\" id=\"wpforms-2961-field_7\" class=\"wpforms-field-small wpforms-field-required\" name=\"wpforms[fields][7]\" placeholder=\"exemplo@exemplo.com\" required><\/div><div id=\"wpforms-2961-field_12-container\" class=\"wpforms-field wpforms-field-checkbox\" data-field-id=\"12\"><label class=\"wpforms-field-label\" for=\"wpforms-2961-field_12\">Voc\u00ea tamb\u00e9m faz v\u00eddeos? <span class=\"wpforms-required-label\">*<\/span><\/label><ul id=\"wpforms-2961-field_12\" class=\"wpforms-field-required\"><li class=\"choice-1 depth-1\"><input type=\"checkbox\" id=\"wpforms-2961-field_12_1\" name=\"wpforms[fields][12][]\" value=\"Sim\" required><label class=\"wpforms-field-label-inline\" for=\"wpforms-2961-field_12_1\">Sim<\/label><\/li><li class=\"choice-2 depth-1\"><input type=\"checkbox\" id=\"wpforms-2961-field_12_2\" name=\"wpforms[fields][12][]\" value=\"N\u00e3o\" required><label class=\"wpforms-field-label-inline\" for=\"wpforms-2961-field_12_2\">N\u00e3o<\/label><\/li><\/ul><\/div><div id=\"wpforms-2961-field_10-container\" class=\"wpforms-field wpforms-field-select wpforms-field-select-style-classic\" data-field-id=\"10\"><label class=\"wpforms-field-label\" for=\"wpforms-2961-field_10\">How did you hear about Guapa? <span class=\"wpforms-required-label\">*<\/span><\/label><select id=\"wpforms-2961-field_10\" class=\"wpforms-field-medium wpforms-field-required\" name=\"wpforms[fields][10]\" required=\"required\"><option value=\"Indica\u00e7\u00e3o de amigos\" >Indica\u00e7\u00e3o de amigos<\/option><option value=\"Indica\u00e7\u00e3o de uma modelo\" >Indica\u00e7\u00e3o de uma modelo<\/option><option value=\"Instagram\"  selected='selected'>Instagram<\/option><option value=\"Google\" >Google<\/option><option value=\"Facebook\" >Facebook<\/option><option value=\"Outro\" >Outro<\/option><\/select><\/div><div id=\"wpforms-2961-field_2-container\" class=\"wpforms-field wpforms-field-textarea\" data-field-id=\"2\"><label class=\"wpforms-field-label\" for=\"wpforms-2961-field_2\">Por que voc\u00ea tem interesse em ter um ensaio short publicado na Guapa? <span class=\"wpforms-required-label\">*<\/span><\/label><textarea id=\"wpforms-2961-field_2\" class=\"wpforms-field-medium wpforms-field-required\" name=\"wpforms[fields][2]\" required><\/textarea><\/div><div id=\"wpforms-2961-field_14-container\" class=\"wpforms-field wpforms-field-url\" data-field-id=\"14\"><label class=\"wpforms-field-label\" for=\"wpforms-2961-field_14\">Envie algumas fotos atrav\u00e9s de link (GoogleDrive, OneDrive ou Dropbox)<\/label><input type=\"url\" id=\"wpforms-2961-field_14\" class=\"wpforms-field-medium\" name=\"wpforms[fields][14]\" ><\/div><div id=\"wpforms-2961-field_11-container\" class=\"wpforms-field wpforms-field-file-upload\" data-field-id=\"11\"><label class=\"wpforms-field-label\" for=\"wpforms-2961-field_11\">Envie algumas fotos para conhecermos seu trabalho<\/label><div\n\t\tclass=\"wpforms-uploader\"\n\t\tdata-field-id=\"11\"\n\t\tdata-form-id=\"2961\"\n\t\tdata-input-name=\"wpforms_2961_11\"\n\t\tdata-extensions=\"jpg,jpeg,jpe,gif,png,bmp,tiff,tif,webp,avif,ico,heic,heif,heics,heifs,asf,asx,wmv,wmx,wm,avi,divx,mov,qt,mpeg,mpg,mpe,mp4,m4v,ogv,webm,mkv,3gp,3gpp,3g2,3gp2,txt,asc,c,cc,h,srt,csv,tsv,ics,rtx,css,vtt,mp3,m4a,m4b,aac,ra,ram,wav,ogg,oga,flac,mid,midi,wma,wax,mka,rtf,pdf,class,tar,zip,gz,gzip,rar,7z,psd,xcf,doc,pot,pps,ppt,wri,xla,xls,xlt,xlw,mpp,docx,docm,dotx,dotm,xlsx,xlsm,xlsb,xltx,xltm,xlam,pptx,pptm,ppsx,ppsm,potx,potm,ppam,sldx,sldm,onetoc,onetoc2,onepkg,oxps,xps,odt,odp,ods,odg,odc,odb,odf,wp,wpd,key,numbers,pages,svg\"\n\t\tdata-max-size=\"134217728\"\n\t\tdata-max-file-number=\"10\"\n\t\tdata-post-max-size=\"134217728\"\n\t\tdata-max-parallel-uploads=\"4\"\n\t\tdata-parallel-uploads=\"true\"\n\t\tdata-file-chunk-size=\"2097152\">\n\t<div class=\"dz-message\">\n\t\t<svg viewbox=\"0 0 1024 1024\" focusable=\"false\" data-icon=\"inbox\" width=\"50px\" height=\"50px\" fill=\"#b1b1b1\" aria-hidden=\"true\">\n\t\t\t<path d=\"M885.2 446.3l-.2-.8-112.2-285.1c-5-16.1-19.9-27.2-36.8-27.2H281.2c-17 0-32.1 11.3-36.9 27.6L139.4 443l-.3.7-.2.8c-1.3 4.9-1.7 9.9-1 14.8-.1 1.6-.2 3.2-.2 4.8V830a60.9 60.9 0 0 0 60.8 60.8h627.2c33.5 0 60.8-27.3 60.9-60.8V464.1c0-1.3 0-2.6-.1-3.7.4-4.9 0-9.6-1.3-14.1zm-295.8-43l-.3 15.7c-.8 44.9-31.8 75.1-77.1 75.1-22.1 0-41.1-7.1-54.8-20.6S436 441.2 435.6 419l-.3-15.7H229.5L309 210h399.2l81.7 193.3H589.4zm-375 76.8h157.3c24.3 57.1 76 90.8 140.4 90.8 33.7 0 65-9.4 90.3-27.2 22.2-15.6 39.5-37.4 50.7-63.6h156.5V814H214.4V480.1z\"><\/path>\n\t\t<\/svg>\n\t\t<span class=\"modern-title\">Click or drag files to this area to upload.<\/span>\n\n\t\t\t\t\t<span class=\"modern-hint\">You can upload up to 10 files.<\/span>\n\t\t\t<\/div>\n<\/div>\n<input\n\t\ttype=\"text\"\n\t\tautocomplete=\"off\"\n\t\tclass=\"dropzone-input\"\n\t\tstyle=\"position:absolute!important;clip:rect(0,0,0,0)!important;height:1px!important;width:1px!important;border:0!important;overflow:hidden!important;padding:0!important;margin:0!important;\"\n\t\tid=\"wpforms-2961-field_11\"\n\t\tname=\"wpforms_2961_11\" \t\tvalue=\"\">\n<div class=\"wpforms-field-description\">M\u00e1ximo de 10 fotos (D\u00ea prefer\u00eancia para retratos, sensual e nu art\u00edstico)<\/div><\/div><div id=\"wpforms-2961-field_13-container\" class=\"wpforms-field wpforms-field-text\" data-field-id=\"13\"><label class=\"wpforms-field-label\" for=\"wpforms-2961-field_13\">Coment\u00e1rios adicionais:<\/label><input type=\"text\" id=\"wpforms-2961-field_13\" class=\"wpforms-field-medium\" name=\"wpforms[fields][13]\" ><\/div><\/div><div class=\"wpforms-field wpforms-field-hp\"><label for=\"wpforms-2961-field-hp\" class=\"wpforms-field-label\">Message<\/label><input type=\"text\" name=\"wpforms[hp]\" id=\"wpforms-2961-field-hp\" class=\"wpforms-field-medium\"><\/div><div class=\"wpforms-recaptcha-container wpforms-is-recaptcha\"><div class=\"g-recaptcha\" data-sitekey=\"6Lfxh4UpAAAAAFoxXxD_J8FBCO17My59gUriSZGI\"><\/div><input type=\"text\" name=\"g-recaptcha-hidden\" class=\"wpforms-recaptcha-hidden\" style=\"position:absolute!important;clip:rect(0,0,0,0)!important;height:1px!important;width:1px!important;border:0!important;overflow:hidden!important;padding:0!important;margin:0!important;\" required><\/div><div class=\"wpforms-submit-container\"><input type=\"hidden\" name=\"wpforms[id]\" value=\"2961\"><input type=\"hidden\" name=\"wpforms[author]\" value=\"1\"><button type=\"submit\" name=\"wpforms[submit]\" id=\"wpforms-submit-2961\" class=\"wpforms-submit\" data-alt-text=\"Enviando...\" data-submit-text=\"Enviar\" aria-live=\"assertive\" value=\"wpforms-submit\">Send<\/button><\/div><input type=\"hidden\" name=\"trp-form-language\" value=\"en\"\/><\/form><\/div>  <!-- .wpforms-container -->","protected":false},"excerpt":{"rendered":"","protected":false},"author":1,"featured_media":27151,"parent":0,"menu_order":0,"comment_status":"closed","ping_status":"closed","template":"page-templates\/template-imagetop.php","meta":{"_acf_changed":false,"footnotes":""},"class_list":["post-3144","page","type-page","status-publish","has-post-thumbnail","hentry"],"acf":[],"yoast_head":"<!-- This site is optimized with the Yoast SEO Premium plugin v19.5 (Yoast SEO v24.8.1) - https:\/\/yoast.com\/wordpress\/plugins\/seo\/ -->\n<title>Inscri\u00e7\u00e3o Fot\u00f3grafos &#8226; Guapa Magazine<\/title>\n<meta name=\"description\" content=\"nscreva-se como fot\u00f3grafo para ter um ensaio exclusivo seu publicado no site da nossa revista digital Guapamag. Guapa Magazine.\" class=\"yoast-seo-meta-tag\" \/>\n<meta name=\"robots\" content=\"index, follow, max-snippet:-1, max-image-preview:large, max-video-preview:-1\" \/>\n<link rel=\"canonical\" href=\"https:\/\/guapamag.com\/en\/inscricao-para-fotografos\/\" class=\"yoast-seo-meta-tag\" \/>\n<meta property=\"og:locale\" content=\"en_US\" class=\"yoast-seo-meta-tag\" \/>\n<meta property=\"og:type\" content=\"article\" class=\"yoast-seo-meta-tag\" \/>\n<meta property=\"og:title\" content=\"Inscri\u00e7\u00e3o Fot\u00f3grafos\" class=\"yoast-seo-meta-tag\" \/>\n<meta property=\"og:description\" content=\"nscreva-se como fot\u00f3grafo para ter um ensaio exclusivo seu publicado no site da nossa revista digital Guapamag. Guapa Magazine.\" class=\"yoast-seo-meta-tag\" \/>\n<meta property=\"og:url\" content=\"https:\/\/guapamag.com\/en\/inscricao-para-fotografos\/\" class=\"yoast-seo-meta-tag\" \/>\n<meta property=\"og:site_name\" content=\"Guapa Magazine\" class=\"yoast-seo-meta-tag\" \/>\n<meta property=\"article:publisher\" content=\"https:\/\/www.facebook.com\/guapamagbrasil\" class=\"yoast-seo-meta-tag\" \/>\n<meta property=\"article:modified_time\" content=\"2022-06-01T13:40:49+00:00\" class=\"yoast-seo-meta-tag\" \/>\n<meta property=\"og:image\" content=\"https:\/\/s3.guapamag.com\/wp-content\/uploads\/2020\/05\/nBRPxft5IKSdkJ.jpg\" class=\"yoast-seo-meta-tag\" \/>\n\t<meta property=\"og:image:width\" content=\"1540\" class=\"yoast-seo-meta-tag\" \/>\n\t<meta property=\"og:image:height\" content=\"1027\" class=\"yoast-seo-meta-tag\" \/>\n\t<meta property=\"og:image:type\" content=\"image\/jpeg\" class=\"yoast-seo-meta-tag\" \/>\n<meta name=\"twitter:card\" content=\"summary_large_image\" class=\"yoast-seo-meta-tag\" \/>\n<meta name=\"twitter:site\" content=\"@guapamagbrasil\" class=\"yoast-seo-meta-tag\" \/>\n<script type=\"application\/ld+json\" class=\"yoast-schema-graph\">{\"@context\":\"https:\/\/schema.org\",\"@graph\":[{\"@type\":\"WebPage\",\"@id\":\"https:\/\/guapamag.com\/inscricao-para-fotografos\/\",\"url\":\"https:\/\/guapamag.com\/inscricao-para-fotografos\/\",\"name\":\"Inscri\u00e7\u00e3o Fot\u00f3grafos &#8226; Guapa Magazine\",\"isPartOf\":{\"@id\":\"https:\/\/guapamag.com\/#website\"},\"primaryImageOfPage\":{\"@id\":\"https:\/\/guapamag.com\/inscricao-para-fotografos\/#primaryimage\"},\"image\":{\"@id\":\"https:\/\/guapamag.com\/inscricao-para-fotografos\/#primaryimage\"},\"thumbnailUrl\":\"https:\/\/s3.guapamag.com\/wp-content\/uploads\/2020\/05\/nBRPxft5IKSdkJ.jpg\",\"datePublished\":\"2019-05-22T01:37:55+00:00\",\"dateModified\":\"2022-06-01T13:40:49+00:00\",\"description\":\"nscreva-se como fot\u00f3grafo para ter um ensaio exclusivo seu publicado no site da nossa revista digital Guapamag. Guapa Magazine.\",\"breadcrumb\":{\"@id\":\"https:\/\/guapamag.com\/inscricao-para-fotografos\/#breadcrumb\"},\"inLanguage\":\"en-US\",\"potentialAction\":[{\"@type\":\"ReadAction\",\"target\":[\"https:\/\/guapamag.com\/inscricao-para-fotografos\/\"]}]},{\"@type\":\"ImageObject\",\"inLanguage\":\"en-US\",\"@id\":\"https:\/\/guapamag.com\/inscricao-para-fotografos\/#primaryimage\",\"url\":\"https:\/\/s3.guapamag.com\/wp-content\/uploads\/2020\/05\/nBRPxft5IKSdkJ.jpg\",\"contentUrl\":\"https:\/\/s3.guapamag.com\/wp-content\/uploads\/2020\/05\/nBRPxft5IKSdkJ.jpg\",\"width\":1540,\"height\":1027},{\"@type\":\"BreadcrumbList\",\"@id\":\"https:\/\/guapamag.com\/inscricao-para-fotografos\/#breadcrumb\",\"itemListElement\":[{\"@type\":\"ListItem\",\"position\":1,\"name\":\"In\u00edcio\",\"item\":\"https:\/\/guapamag.com\/\"},{\"@type\":\"ListItem\",\"position\":2,\"name\":\"Inscri\u00e7\u00e3o Fot\u00f3grafos\"}]},{\"@type\":\"WebSite\",\"@id\":\"https:\/\/guapamag.com\/#website\",\"url\":\"https:\/\/guapamag.com\/\",\"name\":\"Guapa Magazine\",\"description\":\"Guapamag: Plataforma de Ensaios Sensuais e V\u00eddeos com Criadoras\",\"publisher\":{\"@id\":\"https:\/\/guapamag.com\/#organization\"},\"potentialAction\":[{\"@type\":\"SearchAction\",\"target\":{\"@type\":\"EntryPoint\",\"urlTemplate\":\"https:\/\/guapamag.com\/?s={search_term_string}\"},\"query-input\":{\"@type\":\"PropertyValueSpecification\",\"valueRequired\":true,\"valueName\":\"search_term_string\"}}],\"inLanguage\":\"en-US\"},{\"@type\":\"Organization\",\"@id\":\"https:\/\/guapamag.com\/#organization\",\"name\":\"Guapa Magazine\",\"url\":\"https:\/\/guapamag.com\/\",\"logo\":{\"@type\":\"ImageObject\",\"inLanguage\":\"en-US\",\"@id\":\"https:\/\/guapamag.com\/#\/schema\/logo\/image\/\",\"url\":\"https:\/\/s3.guapamag.com\/wp-content\/uploads\/2022\/02\/Avatar-Branco.png\",\"contentUrl\":\"https:\/\/s3.guapamag.com\/wp-content\/uploads\/2022\/02\/Avatar-Branco.png\",\"width\":500,\"height\":500,\"caption\":\"Guapa Magazine\"},\"image\":{\"@id\":\"https:\/\/guapamag.com\/#\/schema\/logo\/image\/\"},\"sameAs\":[\"https:\/\/www.facebook.com\/guapamagbrasil\",\"https:\/\/x.com\/guapamagbrasil\",\"https:\/\/www.instagram.com\/guapamagofc\/\"]}]}<\/script>\n<!-- \/ Yoast SEO Premium plugin. -->","yoast_head_json":{"title":"Inscri\u00e7\u00e3o Fot\u00f3grafos &#8226; Guapa Magazine","description":"nscreva-se como fot\u00f3grafo para ter um ensaio exclusivo seu publicado no site da nossa revista digital Guapamag. Guapa Magazine.","robots":{"index":"index","follow":"follow","max-snippet":"max-snippet:-1","max-image-preview":"max-image-preview:large","max-video-preview":"max-video-preview:-1"},"canonical":"https:\/\/guapamag.com\/en\/inscricao-para-fotografos\/","og_locale":"en_US","og_type":"article","og_title":"Inscri\u00e7\u00e3o Fot\u00f3grafos","og_description":"nscreva-se como fot\u00f3grafo para ter um ensaio exclusivo seu publicado no site da nossa revista digital Guapamag. Guapa Magazine.","og_url":"https:\/\/guapamag.com\/en\/inscricao-para-fotografos\/","og_site_name":"Guapa Magazine","article_publisher":"https:\/\/www.facebook.com\/guapamagbrasil","article_modified_time":"2022-06-01T13:40:49+00:00","og_image":[{"width":1540,"height":1027,"url":"https:\/\/s3.guapamag.com\/wp-content\/uploads\/2020\/05\/nBRPxft5IKSdkJ.jpg","type":"image\/jpeg"}],"twitter_card":"summary_large_image","twitter_site":"@guapamagbrasil","schema":{"@context":"https:\/\/schema.org","@graph":[{"@type":"WebPage","@id":"https:\/\/guapamag.com\/inscricao-para-fotografos\/","url":"https:\/\/guapamag.com\/inscricao-para-fotografos\/","name":"Inscri\u00e7\u00e3o Fot\u00f3grafos &#8226; Guapa Magazine","isPartOf":{"@id":"https:\/\/guapamag.com\/#website"},"primaryImageOfPage":{"@id":"https:\/\/guapamag.com\/inscricao-para-fotografos\/#primaryimage"},"image":{"@id":"https:\/\/guapamag.com\/inscricao-para-fotografos\/#primaryimage"},"thumbnailUrl":"https:\/\/s3.guapamag.com\/wp-content\/uploads\/2020\/05\/nBRPxft5IKSdkJ.jpg","datePublished":"2019-05-22T01:37:55+00:00","dateModified":"2022-06-01T13:40:49+00:00","description":"nscreva-se como fot\u00f3grafo para ter um ensaio exclusivo seu publicado no site da nossa revista digital Guapamag. Guapa Magazine.","breadcrumb":{"@id":"https:\/\/guapamag.com\/inscricao-para-fotografos\/#breadcrumb"},"inLanguage":"en-US","potentialAction":[{"@type":"ReadAction","target":["https:\/\/guapamag.com\/inscricao-para-fotografos\/"]}]},{"@type":"ImageObject","inLanguage":"en-US","@id":"https:\/\/guapamag.com\/inscricao-para-fotografos\/#primaryimage","url":"https:\/\/s3.guapamag.com\/wp-content\/uploads\/2020\/05\/nBRPxft5IKSdkJ.jpg","contentUrl":"https:\/\/s3.guapamag.com\/wp-content\/uploads\/2020\/05\/nBRPxft5IKSdkJ.jpg","width":1540,"height":1027},{"@type":"BreadcrumbList","@id":"https:\/\/guapamag.com\/inscricao-para-fotografos\/#breadcrumb","itemListElement":[{"@type":"ListItem","position":1,"name":"In\u00edcio","item":"https:\/\/guapamag.com\/"},{"@type":"ListItem","position":2,"name":"Inscri\u00e7\u00e3o Fot\u00f3grafos"}]},{"@type":"WebSite","@id":"https:\/\/guapamag.com\/#website","url":"https:\/\/guapamag.com\/","name":"Guapa Magazine","description":"Guapamag: Plataforma de Ensaios Sensuais e V\u00eddeos com Criadoras","publisher":{"@id":"https:\/\/guapamag.com\/#organization"},"potentialAction":[{"@type":"SearchAction","target":{"@type":"EntryPoint","urlTemplate":"https:\/\/guapamag.com\/?s={search_term_string}"},"query-input":{"@type":"PropertyValueSpecification","valueRequired":true,"valueName":"search_term_string"}}],"inLanguage":"en-US"},{"@type":"Organization","@id":"https:\/\/guapamag.com\/#organization","name":"Guapa Magazine","url":"https:\/\/guapamag.com\/","logo":{"@type":"ImageObject","inLanguage":"en-US","@id":"https:\/\/guapamag.com\/#\/schema\/logo\/image\/","url":"https:\/\/s3.guapamag.com\/wp-content\/uploads\/2022\/02\/Avatar-Branco.png","contentUrl":"https:\/\/s3.guapamag.com\/wp-content\/uploads\/2022\/02\/Avatar-Branco.png","width":500,"height":500,"caption":"Guapa Magazine"},"image":{"@id":"https:\/\/guapamag.com\/#\/schema\/logo\/image\/"},"sameAs":["https:\/\/www.facebook.com\/guapamagbrasil","https:\/\/x.com\/guapamagbrasil","https:\/\/www.instagram.com\/guapamagofc\/"]}]}},"_links":{"self":[{"href":"https:\/\/guapamag.com\/en\/wp-json\/wp\/v2\/pages\/3144","targetHints":{"allow":["GET"]}}],"collection":[{"href":"https:\/\/guapamag.com\/en\/wp-json\/wp\/v2\/pages"}],"about":[{"href":"https:\/\/guapamag.com\/en\/wp-json\/wp\/v2\/types\/page"}],"author":[{"embeddable":true,"href":"https:\/\/guapamag.com\/en\/wp-json\/wp\/v2\/users\/1"}],"replies":[{"embeddable":true,"href":"https:\/\/guapamag.com\/en\/wp-json\/wp\/v2\/comments?post=3144"}],"version-history":[{"count":0,"href":"https:\/\/guapamag.com\/en\/wp-json\/wp\/v2\/pages\/3144\/revisions"}],"wp:featuredmedia":[{"embeddable":true,"href":"https:\/\/guapamag.com\/en\/wp-json\/wp\/v2\/media\/27151"}],"wp:attachment":[{"href":"https:\/\/guapamag.com\/en\/wp-json\/wp\/v2\/media?parent=3144"}],"curies":[{"name":"wp","href":"https:\/\/api.w.org\/{rel}","templated":true}]}}