{"id":3148,"date":"2019-05-21T22:38:16","date_gmt":"2019-05-22T01:38:16","guid":{"rendered":"https:\/\/guapamag.com\/?page_id=3148"},"modified":"2022-06-01T10:39:39","modified_gmt":"2022-06-01T13:39:39","slug":"inscricao-para-modelos","status":"publish","type":"page","link":"https:\/\/guapamag.com\/en\/inscricao-para-modelos\/","title":{"rendered":"Registration for Models"},"content":{"rendered":"<div class=\"wpforms-container wpforms-container-full\" id=\"wpforms-31736\"><form id=\"wpforms-form-31736\" class=\"wpforms-validate wpforms-form\" data-formid=\"31736\" method=\"post\" enctype=\"multipart\/form-data\" action=\"\/en\/wp-json\/wp\/v2\/pages\/3148?wpforms_form_id=31736\" data-token=\"c1a443bd4102bda3d9dd14f4ecbddf9d\" data-trp-original-action=\"\/en\/wp-json\/wp\/v2\/pages\/3148?wpforms_form_id=31736\"><div class=\"wpforms-head-container\"><div class=\"wpforms-description\">Esse \u00e9 o formul\u00e1rio de inscri\u00e7\u00e3o para quem quer modelar nos ensaios e v\u00eddeos da revista digital Guapa Magazine Brasil.\r\nAntes de inscrever-se como modelo \u00e9 necess\u00e1rio ler e aceitar os termos abaixo para tornar sua inscri\u00e7\u00e3o v\u00e1lida para avalia\u00e7\u00e3o, pois a inscri\u00e7\u00e3o n\u00e3o garante a participa\u00e7\u00e3o na revista.<\/div><\/div><noscript class=\"wpforms-error-noscript\">Please enable JavaScript in your browser to complete this form.<\/noscript><div class=\"wpforms-field-container\"><div id=\"wpforms-31736-field_0-container\" class=\"wpforms-field wpforms-field-name\" data-field-id=\"0\"><label class=\"wpforms-field-label\" for=\"wpforms-31736-field_0\">Full name <span class=\"wpforms-required-label\">*<\/span><\/label><input type=\"text\" id=\"wpforms-31736-field_0\" class=\"wpforms-field-medium wpforms-field-required\" name=\"wpforms[fields][0]\" required><\/div><div id=\"wpforms-31736-field_7-container\" class=\"wpforms-field wpforms-field-text\" data-field-id=\"7\"><label class=\"wpforms-field-label\" for=\"wpforms-31736-field_7\">Date of birth <span class=\"wpforms-required-label\">*<\/span><\/label><input type=\"text\" id=\"wpforms-31736-field_7\" class=\"wpforms-field-small wpforms-field-required wpforms-masked-input\" data-inputmask-mask=\"99\/99\/99\" data-rule-empty-blanks=\"1\" name=\"wpforms[fields][7]\" placeholder=\"DD\/MM\/AA\" required><\/div><div id=\"wpforms-31736-field_4-container\" class=\"wpforms-field wpforms-field-text\" data-field-id=\"4\"><label class=\"wpforms-field-label\" for=\"wpforms-31736-field_4\">City  <span class=\"wpforms-required-label\">*<\/span><\/label><input type=\"text\" id=\"wpforms-31736-field_4\" class=\"wpforms-field-small wpforms-field-required\" name=\"wpforms[fields][4]\" placeholder=\"Cidade - UF\" required><\/div><div id=\"wpforms-31736-field_3-container\" class=\"wpforms-field wpforms-field-text\" data-field-id=\"3\"><label class=\"wpforms-field-label\" for=\"wpforms-31736-field_3\">User on Instagram <span class=\"wpforms-required-label\">*<\/span><\/label><input type=\"text\" id=\"wpforms-31736-field_3\" class=\"wpforms-field-small wpforms-field-required\" name=\"wpforms[fields][3]\" placeholder=\"@nomedeusuario\" required><\/div><div id=\"wpforms-31736-field_5-container\" class=\"wpforms-field wpforms-field-phone\" data-field-id=\"5\"><label class=\"wpforms-field-label\" for=\"wpforms-31736-field_5\">Whatsapp <span class=\"wpforms-required-label\">*<\/span><\/label><input type=\"tel\" id=\"wpforms-31736-field_5\" class=\"wpforms-field-small wpforms-field-required wpforms-smart-phone-field\" data-rule-smart-phone-field=\"true\" name=\"wpforms[fields][5]\" placeholder=\"(DDD) XXXXX-XXXX\" required><\/div><div id=\"wpforms-31736-field_20-container\" class=\"wpforms-field wpforms-field-email\" data-field-id=\"20\"><label class=\"wpforms-field-label\" for=\"wpforms-31736-field_20\">E-mail <span class=\"wpforms-required-label\">*<\/span><\/label><input type=\"email\" id=\"wpforms-31736-field_20\" class=\"wpforms-field-medium wpforms-field-required\" name=\"wpforms[fields][20]\" required><\/div><div id=\"wpforms-31736-field_10-container\" class=\"wpforms-field wpforms-field-select wpforms-field-select-style-classic\" data-field-id=\"10\"><label class=\"wpforms-field-label\" for=\"wpforms-31736-field_10\">Occupation <span class=\"wpforms-required-label\">*<\/span><\/label><select id=\"wpforms-31736-field_10\" class=\"wpforms-field-small wpforms-field-required\" name=\"wpforms[fields][10]\" required=\"required\"><option value=\"\" class=\"placeholder\" disabled selected='selected'>O que voc\u00ea faz?<\/option><option value=\"Estudante\" >Estudante<\/option><option value=\"Trabalho formal (CLT)\" >Trabalho formal (CLT)<\/option><option value=\"Criadora de Conte\u00fado\" >Criadora de Conte\u00fado<\/option><option value=\"Modelo Independente\" >Modelo Independente<\/option><option value=\"Outro\" >Outro<\/option><\/select><\/div><div id=\"wpforms-31736-field_14-container\" class=\"wpforms-field wpforms-field-select wpforms-field-select-style-classic\" data-field-id=\"14\"><label class=\"wpforms-field-label\" for=\"wpforms-31736-field_14\">How did you hear about Guapa? <span class=\"wpforms-required-label\">*<\/span><\/label><select id=\"wpforms-31736-field_14\" class=\"wpforms-field-medium wpforms-field-required\" name=\"wpforms[fields][14]\" required=\"required\"><option value=\"Indica\u00e7\u00e3o de uma modelo guapa \" >Indica\u00e7\u00e3o de uma modelo guapa <\/option><option value=\"Indica\u00e7\u00e3o de amigos\" >Indica\u00e7\u00e3o de amigos<\/option><option value=\"Instagram\"  selected='selected'>Instagram<\/option><option value=\"Google\" >Google<\/option><option value=\"Youtube\" >Youtube<\/option><option value=\"Twitter\" >Twitter<\/option><option value=\"Outro\" >Outro<\/option><\/select><\/div><div id=\"wpforms-31736-field_2-container\" class=\"wpforms-field wpforms-field-textarea\" data-field-id=\"2\"><label class=\"wpforms-field-label\" for=\"wpforms-31736-field_2\">Why are you interested in shooting and having a shoot in Guapa? <span class=\"wpforms-required-label\">*<\/span><\/label><textarea id=\"wpforms-31736-field_2\" class=\"wpforms-field-medium wpforms-field-required\" name=\"wpforms[fields][2]\" required><\/textarea><\/div><div id=\"wpforms-31736-field_6-container\" class=\"wpforms-field wpforms-field-file-upload\" data-field-id=\"6\"><label class=\"wpforms-field-label\" for=\"wpforms-31736-field_6\">SEND 3 YOUR PHOTOS (Preferably Face, Profile and Whole Body)<\/label><div\n\t\tclass=\"wpforms-uploader\"\n\t\tdata-field-id=\"6\"\n\t\tdata-form-id=\"31736\"\n\t\tdata-input-name=\"wpforms_31736_6\"\n\t\tdata-extensions=\"jpg,png,jpeg,gif,webp\"\n\t\tdata-max-size=\"134217728\"\n\t\tdata-max-file-number=\"5\"\n\t\tdata-post-max-size=\"134217728\"\n\t\tdata-max-parallel-uploads=\"4\"\n\t\tdata-parallel-uploads=\"true\"\n\t\tdata-file-chunk-size=\"2097152\">\n\t<div class=\"dz-message\">\n\t\t<svg viewbox=\"0 0 1024 1024\" focusable=\"false\" data-icon=\"inbox\" width=\"50px\" height=\"50px\" fill=\"#b1b1b1\" aria-hidden=\"true\">\n\t\t\t<path d=\"M885.2 446.3l-.2-.8-112.2-285.1c-5-16.1-19.9-27.2-36.8-27.2H281.2c-17 0-32.1 11.3-36.9 27.6L139.4 443l-.3.7-.2.8c-1.3 4.9-1.7 9.9-1 14.8-.1 1.6-.2 3.2-.2 4.8V830a60.9 60.9 0 0 0 60.8 60.8h627.2c33.5 0 60.8-27.3 60.9-60.8V464.1c0-1.3 0-2.6-.1-3.7.4-4.9 0-9.6-1.3-14.1zm-295.8-43l-.3 15.7c-.8 44.9-31.8 75.1-77.1 75.1-22.1 0-41.1-7.1-54.8-20.6S436 441.2 435.6 419l-.3-15.7H229.5L309 210h399.2l81.7 193.3H589.4zm-375 76.8h157.3c24.3 57.1 76 90.8 140.4 90.8 33.7 0 65-9.4 90.3-27.2 22.2-15.6 39.5-37.4 50.7-63.6h156.5V814H214.4V480.1z\"><\/path>\n\t\t<\/svg>\n\t\t<span class=\"modern-title\">Click or drag files to this area to upload.<\/span>\n\n\t\t\t\t\t<span class=\"modern-hint\">You can upload up to 5 files.<\/span>\n\t\t\t<\/div>\n<\/div>\n<input\n\t\ttype=\"text\"\n\t\tautocomplete=\"off\"\n\t\tclass=\"dropzone-input\"\n\t\tstyle=\"position:absolute!important;clip:rect(0,0,0,0)!important;height:1px!important;width:1px!important;border:0!important;overflow:hidden!important;padding:0!important;margin:0!important;\"\n\t\tid=\"wpforms-31736-field_6\"\n\t\tname=\"wpforms_31736_6\" \t\tvalue=\"\">\n<div class=\"wpforms-field-description\">* Do not send nude photos.<\/div><\/div><\/div><div class=\"wpforms-field wpforms-field-hp\"><label for=\"wpforms-31736-field-hp\" class=\"wpforms-field-label\">Comment<\/label><input type=\"text\" name=\"wpforms[hp]\" id=\"wpforms-31736-field-hp\" class=\"wpforms-field-medium\"><\/div><div class=\"wpforms-recaptcha-container wpforms-is-recaptcha\"><div class=\"g-recaptcha\" data-sitekey=\"6Lfxh4UpAAAAAFoxXxD_J8FBCO17My59gUriSZGI\"><\/div><input type=\"text\" name=\"g-recaptcha-hidden\" class=\"wpforms-recaptcha-hidden\" style=\"position:absolute!important;clip:rect(0,0,0,0)!important;height:1px!important;width:1px!important;border:0!important;overflow:hidden!important;padding:0!important;margin:0!important;\" required><\/div><div class=\"wpforms-submit-container\"><input type=\"hidden\" name=\"wpforms[id]\" value=\"31736\"><input type=\"hidden\" name=\"wpforms[author]\" value=\"1\"><button type=\"submit\" name=\"wpforms[submit]\" id=\"wpforms-submit-31736\" class=\"wpforms-submit\" data-alt-text=\"Enviando...\" data-submit-text=\"Enviar\" aria-live=\"assertive\" value=\"wpforms-submit\">Send<\/button><\/div><input type=\"hidden\" name=\"trp-form-language\" value=\"en\"\/><\/form><\/div>  <!-- .wpforms-container -->","protected":false},"excerpt":{"rendered":"","protected":false},"author":1,"featured_media":18396,"parent":0,"menu_order":0,"comment_status":"closed","ping_status":"closed","template":"page-templates\/template-imagetop.php","meta":{"_acf_changed":false,"footnotes":""},"class_list":["post-3148","page","type-page","status-publish","has-post-thumbnail","hentry"],"acf":[],"yoast_head":"<!-- This site is optimized with the Yoast SEO Premium plugin v19.5 (Yoast SEO v24.8.1) - https:\/\/yoast.com\/wordpress\/plugins\/seo\/ -->\n<title>Inscri\u00e7\u00e3o para Modelos &#8226; Guapa Magazine<\/title>\n<meta name=\"description\" content=\"Inscreva-se como modelo para fazer um ensaio com a Guapamag! Modelos de todos os estilos e lugares do Brasil!. Guapa Magazine\" class=\"yoast-seo-meta-tag\" \/>\n<meta name=\"robots\" content=\"index, follow, max-snippet:-1, max-image-preview:large, max-video-preview:-1\" \/>\n<link rel=\"canonical\" href=\"https:\/\/guapamag.com\/en\/inscricao-para-modelos\/\" class=\"yoast-seo-meta-tag\" \/>\n<meta property=\"og:locale\" content=\"en_US\" class=\"yoast-seo-meta-tag\" \/>\n<meta property=\"og:type\" content=\"article\" class=\"yoast-seo-meta-tag\" \/>\n<meta property=\"og:title\" content=\"Inscri\u00e7\u00e3o para Modelos\" class=\"yoast-seo-meta-tag\" \/>\n<meta property=\"og:description\" content=\"Inscreva-se como modelo para fazer um ensaio com a Guapamag! Modelos de todos os estilos e lugares do Brasil!. Guapa Magazine\" class=\"yoast-seo-meta-tag\" \/>\n<meta property=\"og:url\" content=\"https:\/\/guapamag.com\/en\/inscricao-para-modelos\/\" class=\"yoast-seo-meta-tag\" \/>\n<meta property=\"og:site_name\" content=\"Guapa Magazine\" class=\"yoast-seo-meta-tag\" \/>\n<meta property=\"article:publisher\" content=\"https:\/\/www.facebook.com\/guapamagbrasil\" class=\"yoast-seo-meta-tag\" \/>\n<meta property=\"article:modified_time\" content=\"2022-06-01T13:39:39+00:00\" class=\"yoast-seo-meta-tag\" \/>\n<meta property=\"og:image\" content=\"https:\/\/s3.guapamag.com\/wp-content\/uploads\/2020\/05\/nBRPxft5IKSdkJ.jpg\" class=\"yoast-seo-meta-tag\" \/>\n\t<meta property=\"og:image:width\" content=\"1540\" class=\"yoast-seo-meta-tag\" \/>\n\t<meta property=\"og:image:height\" content=\"1027\" class=\"yoast-seo-meta-tag\" \/>\n\t<meta property=\"og:image:type\" content=\"image\/jpeg\" class=\"yoast-seo-meta-tag\" \/>\n<meta name=\"twitter:card\" content=\"summary_large_image\" class=\"yoast-seo-meta-tag\" \/>\n<meta name=\"twitter:site\" content=\"@guapamagbrasil\" class=\"yoast-seo-meta-tag\" \/>\n<script type=\"application\/ld+json\" class=\"yoast-schema-graph\">{\"@context\":\"https:\/\/schema.org\",\"@graph\":[{\"@type\":\"WebPage\",\"@id\":\"https:\/\/guapamag.com\/inscricao-para-modelos\/\",\"url\":\"https:\/\/guapamag.com\/inscricao-para-modelos\/\",\"name\":\"Inscri\u00e7\u00e3o para Modelos &#8226; Guapa Magazine\",\"isPartOf\":{\"@id\":\"https:\/\/guapamag.com\/#website\"},\"primaryImageOfPage\":{\"@id\":\"https:\/\/guapamag.com\/inscricao-para-modelos\/#primaryimage\"},\"image\":{\"@id\":\"https:\/\/guapamag.com\/inscricao-para-modelos\/#primaryimage\"},\"thumbnailUrl\":\"https:\/\/s3.guapamag.com\/wp-content\/uploads\/2020\/05\/nBRPxft5IKSdkJ.jpg\",\"datePublished\":\"2019-05-22T01:38:16+00:00\",\"dateModified\":\"2022-06-01T13:39:39+00:00\",\"description\":\"Inscreva-se como modelo para fazer um ensaio com a Guapamag! Modelos de todos os estilos e lugares do Brasil!. Guapa Magazine\",\"breadcrumb\":{\"@id\":\"https:\/\/guapamag.com\/inscricao-para-modelos\/#breadcrumb\"},\"inLanguage\":\"en-US\",\"potentialAction\":[{\"@type\":\"ReadAction\",\"target\":[\"https:\/\/guapamag.com\/inscricao-para-modelos\/\"]}]},{\"@type\":\"ImageObject\",\"inLanguage\":\"en-US\",\"@id\":\"https:\/\/guapamag.com\/inscricao-para-modelos\/#primaryimage\",\"url\":\"https:\/\/s3.guapamag.com\/wp-content\/uploads\/2020\/05\/nBRPxft5IKSdkJ.jpg\",\"contentUrl\":\"https:\/\/s3.guapamag.com\/wp-content\/uploads\/2020\/05\/nBRPxft5IKSdkJ.jpg\",\"width\":1540,\"height\":1027},{\"@type\":\"BreadcrumbList\",\"@id\":\"https:\/\/guapamag.com\/inscricao-para-modelos\/#breadcrumb\",\"itemListElement\":[{\"@type\":\"ListItem\",\"position\":1,\"name\":\"In\u00edcio\",\"item\":\"https:\/\/guapamag.com\/\"},{\"@type\":\"ListItem\",\"position\":2,\"name\":\"Inscri\u00e7\u00e3o para Modelos\"}]},{\"@type\":\"WebSite\",\"@id\":\"https:\/\/guapamag.com\/#website\",\"url\":\"https:\/\/guapamag.com\/\",\"name\":\"Guapa Magazine\",\"description\":\"Guapamag: Plataforma de Ensaios Sensuais e V\u00eddeos com Criadoras\",\"publisher\":{\"@id\":\"https:\/\/guapamag.com\/#organization\"},\"potentialAction\":[{\"@type\":\"SearchAction\",\"target\":{\"@type\":\"EntryPoint\",\"urlTemplate\":\"https:\/\/guapamag.com\/?s={search_term_string}\"},\"query-input\":{\"@type\":\"PropertyValueSpecification\",\"valueRequired\":true,\"valueName\":\"search_term_string\"}}],\"inLanguage\":\"en-US\"},{\"@type\":\"Organization\",\"@id\":\"https:\/\/guapamag.com\/#organization\",\"name\":\"Guapa Magazine\",\"url\":\"https:\/\/guapamag.com\/\",\"logo\":{\"@type\":\"ImageObject\",\"inLanguage\":\"en-US\",\"@id\":\"https:\/\/guapamag.com\/#\/schema\/logo\/image\/\",\"url\":\"https:\/\/s3.guapamag.com\/wp-content\/uploads\/2022\/02\/Avatar-Branco.png\",\"contentUrl\":\"https:\/\/s3.guapamag.com\/wp-content\/uploads\/2022\/02\/Avatar-Branco.png\",\"width\":500,\"height\":500,\"caption\":\"Guapa Magazine\"},\"image\":{\"@id\":\"https:\/\/guapamag.com\/#\/schema\/logo\/image\/\"},\"sameAs\":[\"https:\/\/www.facebook.com\/guapamagbrasil\",\"https:\/\/x.com\/guapamagbrasil\",\"https:\/\/www.instagram.com\/guapamagofc\/\"]}]}<\/script>\n<!-- \/ Yoast SEO Premium plugin. -->","yoast_head_json":{"title":"Inscri\u00e7\u00e3o para Modelos &#8226; Guapa Magazine","description":"Inscreva-se como modelo para fazer um ensaio com a Guapamag! Modelos de todos os estilos e lugares do Brasil!. Guapa Magazine","robots":{"index":"index","follow":"follow","max-snippet":"max-snippet:-1","max-image-preview":"max-image-preview:large","max-video-preview":"max-video-preview:-1"},"canonical":"https:\/\/guapamag.com\/en\/inscricao-para-modelos\/","og_locale":"en_US","og_type":"article","og_title":"Inscri\u00e7\u00e3o para Modelos","og_description":"Inscreva-se como modelo para fazer um ensaio com a Guapamag! Modelos de todos os estilos e lugares do Brasil!. Guapa Magazine","og_url":"https:\/\/guapamag.com\/en\/inscricao-para-modelos\/","og_site_name":"Guapa Magazine","article_publisher":"https:\/\/www.facebook.com\/guapamagbrasil","article_modified_time":"2022-06-01T13:39:39+00:00","og_image":[{"width":1540,"height":1027,"url":"https:\/\/s3.guapamag.com\/wp-content\/uploads\/2020\/05\/nBRPxft5IKSdkJ.jpg","type":"image\/jpeg"}],"twitter_card":"summary_large_image","twitter_site":"@guapamagbrasil","schema":{"@context":"https:\/\/schema.org","@graph":[{"@type":"WebPage","@id":"https:\/\/guapamag.com\/inscricao-para-modelos\/","url":"https:\/\/guapamag.com\/inscricao-para-modelos\/","name":"Inscri\u00e7\u00e3o para Modelos &#8226; Guapa Magazine","isPartOf":{"@id":"https:\/\/guapamag.com\/#website"},"primaryImageOfPage":{"@id":"https:\/\/guapamag.com\/inscricao-para-modelos\/#primaryimage"},"image":{"@id":"https:\/\/guapamag.com\/inscricao-para-modelos\/#primaryimage"},"thumbnailUrl":"https:\/\/s3.guapamag.com\/wp-content\/uploads\/2020\/05\/nBRPxft5IKSdkJ.jpg","datePublished":"2019-05-22T01:38:16+00:00","dateModified":"2022-06-01T13:39:39+00:00","description":"Inscreva-se como modelo para fazer um ensaio com a Guapamag! Modelos de todos os estilos e lugares do Brasil!. Guapa Magazine","breadcrumb":{"@id":"https:\/\/guapamag.com\/inscricao-para-modelos\/#breadcrumb"},"inLanguage":"en-US","potentialAction":[{"@type":"ReadAction","target":["https:\/\/guapamag.com\/inscricao-para-modelos\/"]}]},{"@type":"ImageObject","inLanguage":"en-US","@id":"https:\/\/guapamag.com\/inscricao-para-modelos\/#primaryimage","url":"https:\/\/s3.guapamag.com\/wp-content\/uploads\/2020\/05\/nBRPxft5IKSdkJ.jpg","contentUrl":"https:\/\/s3.guapamag.com\/wp-content\/uploads\/2020\/05\/nBRPxft5IKSdkJ.jpg","width":1540,"height":1027},{"@type":"BreadcrumbList","@id":"https:\/\/guapamag.com\/inscricao-para-modelos\/#breadcrumb","itemListElement":[{"@type":"ListItem","position":1,"name":"In\u00edcio","item":"https:\/\/guapamag.com\/"},{"@type":"ListItem","position":2,"name":"Inscri\u00e7\u00e3o para Modelos"}]},{"@type":"WebSite","@id":"https:\/\/guapamag.com\/#website","url":"https:\/\/guapamag.com\/","name":"Guapa Magazine","description":"Guapamag: Plataforma de Ensaios Sensuais e V\u00eddeos com Criadoras","publisher":{"@id":"https:\/\/guapamag.com\/#organization"},"potentialAction":[{"@type":"SearchAction","target":{"@type":"EntryPoint","urlTemplate":"https:\/\/guapamag.com\/?s={search_term_string}"},"query-input":{"@type":"PropertyValueSpecification","valueRequired":true,"valueName":"search_term_string"}}],"inLanguage":"en-US"},{"@type":"Organization","@id":"https:\/\/guapamag.com\/#organization","name":"Guapa Magazine","url":"https:\/\/guapamag.com\/","logo":{"@type":"ImageObject","inLanguage":"en-US","@id":"https:\/\/guapamag.com\/#\/schema\/logo\/image\/","url":"https:\/\/s3.guapamag.com\/wp-content\/uploads\/2022\/02\/Avatar-Branco.png","contentUrl":"https:\/\/s3.guapamag.com\/wp-content\/uploads\/2022\/02\/Avatar-Branco.png","width":500,"height":500,"caption":"Guapa Magazine"},"image":{"@id":"https:\/\/guapamag.com\/#\/schema\/logo\/image\/"},"sameAs":["https:\/\/www.facebook.com\/guapamagbrasil","https:\/\/x.com\/guapamagbrasil","https:\/\/www.instagram.com\/guapamagofc\/"]}]}},"_links":{"self":[{"href":"https:\/\/guapamag.com\/en\/wp-json\/wp\/v2\/pages\/3148","targetHints":{"allow":["GET"]}}],"collection":[{"href":"https:\/\/guapamag.com\/en\/wp-json\/wp\/v2\/pages"}],"about":[{"href":"https:\/\/guapamag.com\/en\/wp-json\/wp\/v2\/types\/page"}],"author":[{"embeddable":true,"href":"https:\/\/guapamag.com\/en\/wp-json\/wp\/v2\/users\/1"}],"replies":[{"embeddable":true,"href":"https:\/\/guapamag.com\/en\/wp-json\/wp\/v2\/comments?post=3148"}],"version-history":[{"count":0,"href":"https:\/\/guapamag.com\/en\/wp-json\/wp\/v2\/pages\/3148\/revisions"}],"wp:featuredmedia":[{"embeddable":true,"href":"https:\/\/guapamag.com\/en\/wp-json\/wp\/v2\/media\/18396"}],"wp:attachment":[{"href":"https:\/\/guapamag.com\/en\/wp-json\/wp\/v2\/media?parent=3148"}],"curies":[{"name":"wp","href":"https:\/\/api.w.org\/{rel}","templated":true}]}}